{"id":89,"date":"2019-10-02T23:20:28","date_gmt":"2019-10-02T23:20:28","guid":{"rendered":"http:\/\/alverniasassesores.com\/?page_id=89"},"modified":"2022-02-17T02:00:48","modified_gmt":"2022-02-17T02:00:48","slug":"productos","status":"publish","type":"page","link":"https:\/\/alverniasassesores.com\/index.php\/productos\/","title":{"rendered":"Nuestros productos"},"content":{"rendered":"<body><div class=\"vce-row-container\" data-vce-boxed-width=\"true\"><div class=\"vce-row vce-row--col-gap-30 vce-row-content--top\" id=\"el-02eea91c\" data-vce-do-apply=\"all el-02eea91c\"><div class=\"vce-row-content\" data-vce-element-content=\"true\"><div class=\"vce-col vce-col--md-auto vce-col--xs-1 vce-col--xs-last vce-col--xs-first vce-col--sm-last vce-col--sm-first vce-col--md-last vce-col--lg-last vce-col--xl-last vce-col--md-first vce-col--lg-first vce-col--xl-first\" id=\"el-dc65de87\"><div class=\"vce-col-inner\" data-vce-do-apply=\"border margin background  el-dc65de87\"><div class=\"vce-col-content\" data-vce-element-content=\"true\" data-vce-do-apply=\"padding el-dc65de87\"><div class=\"vce-text-block\"><div class=\"vce-text-block-wrapper vce\" id=\"el-8eb23751\" data-vce-do-apply=\"all el-8eb23751\"><p>Ofrecemos nuestros servicios&nbsp; a trav\u00e9s de cinco (5) l\u00edneas principales:<strong>&nbsp;<\/strong><strong>&nbsp;<\/strong><\/p><ul><li><strong>Concesi\u00f3n de la Nacionalidad Portuguesa a los descendientes de los Jud\u00edos sefard\u00edes<\/strong><\/li><\/ul><p style=\"padding-left: 40px;\"><strong><a href=\"https:\/\/alverniasassesores.com\/wp-content\/uploads\/2022\/02\/Nacionalidad_Portuguesa_Descendientes_Judios_Sefardi_7_feb_2022.pdf\" target=\"_blank\" rel=\"noopener\">Consulta toda la informaci\u00f3n de nuestro servicio dando clic en este enlace<\/a><\/strong><\/p><ul><li><strong>Evaluaci\u00f3n de programas<\/strong><\/li><\/ul><p style=\"padding-left: 40px; text-align: justify;\">- Definici\u00f3n de mapas de indicadores de programas de emprendimiento y desarrollo empresarial y social.<\/p><p style=\"padding-left: 40px; text-align: justify;\">- Metodolog\u00edas e instrumentos para medir resultados e impacto de proyectos sociales y empresariales.<\/p><p style=\"padding-left: 40px; text-align: justify;\">- Evaluaci\u00f3n de programas de emprendimiento y desarrollo empresarial.<\/p><ul><li><strong>Formaci\u00f3n Empresarial<\/strong><\/li><\/ul><p style=\"padding-left: 40px; text-align: justify;\">- Talleres de formaci\u00f3n de formadores y asesores.<\/p><p style=\"padding-left: 40px; text-align: justify;\">- Talleres para creaci\u00f3n de empresas<\/p><p style=\"padding-left: 40px; text-align: justify;\">- Talleres para el fortalecimiento y la consolidaci\u00f3n de empresas competitivas<\/p><p style=\"padding-left: 40px; text-align: justify;\">- Capacitaci\u00f3n en formulaci\u00f3n de proyectos de cofinanciaci\u00f3n o licitaciones (Bajo metodolog\u00eda planificaci\u00f3n y orientaci\u00f3n por objetivos (ZOOP), Marco L\u00f3gico y CANVAS.<\/p><p style=\"padding-left: 40px; text-align: justify;\">- Formaci\u00f3n en Educaci\u00f3n Financiera, dirigida a poblaci\u00f3n adulta de bajos ingresos y l\u00edderes que se conviertan en multiplicadores, dentro de un programa de Formaci\u00f3n de Formadores, bajo la metodolog\u00eda \u201caprender haciendo\u201d<\/p><ul><li><strong>Acompa\u00f1amiento t\u00e9cnico<\/strong><\/li><\/ul><p style=\"padding-left: 40px; text-align: justify;\">- Dise\u00f1o e implementaci\u00f3n de metodolog\u00edas para estructurar programas de emprendimiento y desarrollo empresarial<\/p><p style=\"padding-left: 40px; text-align: justify;\">-&nbsp; Asesor\u00eda y asistencia t\u00e9cnica a empresas en su proceso de fortalecimiento y desarrollo empresarial<\/p><p style=\"padding-left: 40px; text-align: justify;\">- Desarrollo de instrumentos pr\u00e1cticos de apoyo al emprendedor y empresario<\/p><ul><li><strong>Gesti\u00f3n de Recursos<\/strong><\/li><\/ul><p style=\"padding-left: 40px; text-align: justify;\">- Vigilancia tecnol\u00f3gica para convocatorias o licitaciones que se adecuen a los intereses de los clientes<\/p><p style=\"padding-left: 40px; text-align: justify;\">- Formulaci\u00f3n de proyectos (Convocatorias o Licitaciones)<\/p><p style=\"padding-left: 40px; text-align: justify;\">- Asesor\u00eda y acompa\u00f1amiento en la ejecuci\u00f3n de los proyectos aprobados.<\/p><ul><li><strong>Valor Compartido<\/strong><\/li><\/ul><p style=\"text-align: justify;\">En Alvernias AsSesores, creemos en los procesos de valor compartido como una estrategia de negocio para las empresas colombianas, mediante la definici\u00f3n, fortalecimiento y crecimiento de las organizaciones sociales y empresariales que ven en el valor compartido una oportunidad estrat\u00e9gica.<\/p><p style=\"text-align: justify;\">Hemos desarrollado procesos que le permiten a las organizaciones estructurar&nbsp; programas donde las soluciones sociales y ambientales son parte importante de la estructura de negocio.<\/p><p>Nuestros servicios de valor compartido, se centran en:<\/p><p style=\"padding-left: 40px;\">-&nbsp; El dise\u00f1o e implementaci\u00f3n de direccionamiento organizacional para fundaciones y organizaciones empresariales bajo el modelo de valor compartido.<\/p><p style=\"padding-left: 40px;\">-&nbsp; Creaci\u00f3n de procesos comerciales bajo los principios del valor compartido como estrategia gerencial<\/p><p style=\"padding-left: 40px;\">- Desarrollo de nuestro propio modelo de valor compartido, el cual busca unir las capacidades sociales&nbsp; y organizacionales para lograr el fortalecimiento de los dos actores.<\/p><\/div><\/div><div class=\"vce-text-block\"><div class=\"vce-text-block-wrapper vce\" id=\"el-8fb170ce\" data-vce-do-apply=\"all el-8fb170ce\"><p>Ofrecemos nuestros servicios&nbsp; a trav\u00e9s de cinco (5) l\u00edneas principales:<strong>&nbsp;<\/strong><strong>&nbsp;<\/strong><\/p>\n<ul>\n<li><strong>Concesi\u00f3n de la Nacionalidad Portuguesa a los descendientes de los Jud\u00edos sefard\u00edes<\/strong><\/li>\n<\/ul>\n<p>&nbsp;<\/p>\n<ul>\n<li><strong>Evaluaci\u00f3n de programas<\/strong><\/li>\n<\/ul>\n<p style=\"padding-left: 40px; text-align: justify;\">- Definici\u00f3n de mapas de indicadores de programas de emprendimiento y desarrollo empresarial y social.<\/p>\n<p style=\"padding-left: 40px; text-align: justify;\">- Metodolog\u00edas e instrumentos para medir resultados e impacto de proyectos sociales y empresariales.<\/p>\n<p style=\"padding-left: 40px; text-align: justify;\">- Evaluaci\u00f3n de programas de emprendimiento y desarrollo empresarial.<\/p>\n<ul>\n<li><strong>Formaci\u00f3n Empresarial<\/strong><\/li>\n<\/ul>\n<p style=\"padding-left: 40px; text-align: justify;\">- Talleres de formaci\u00f3n de formadores y asesores.<\/p>\n<p style=\"padding-left: 40px; text-align: justify;\">- Talleres para creaci\u00f3n de empresas<\/p>\n<p style=\"padding-left: 40px; text-align: justify;\">- Talleres para el fortalecimiento y la consolidaci\u00f3n de empresas competitivas<\/p>\n<p style=\"padding-left: 40px; text-align: justify;\">- Capacitaci\u00f3n en formulaci\u00f3n de proyectos de cofinanciaci\u00f3n o licitaciones (Bajo metodolog\u00eda planificaci\u00f3n y orientaci\u00f3n por objetivos (ZOOP), Marco L\u00f3gico y CANVAS.<\/p>\n<p style=\"padding-left: 40px; text-align: justify;\">- Formaci\u00f3n en Educaci\u00f3n Financiera, dirigida a poblaci\u00f3n adulta de bajos ingresos y l\u00edderes que se conviertan en multiplicadores, dentro de un programa de Formaci\u00f3n de Formadores, bajo la metodolog\u00eda \u201caprender haciendo\u201d<\/p>\n<ul>\n<li><strong>Acompa\u00f1amiento t\u00e9cnico<\/strong><\/li>\n<\/ul>\n<p style=\"padding-left: 40px; text-align: justify;\">- Dise\u00f1o e implementaci\u00f3n de metodolog\u00edas para estructurar programas de emprendimiento y desarrollo empresarial<\/p>\n<p style=\"padding-left: 40px; text-align: justify;\">-&nbsp; Asesor\u00eda y asistencia t\u00e9cnica a empresas en su proceso de fortalecimiento y desarrollo empresarial<\/p>\n<p style=\"padding-left: 40px; text-align: justify;\">- Desarrollo de instrumentos pr\u00e1cticos de apoyo al emprendedor y empresario<\/p>\n<ul>\n<li><strong>Gesti\u00f3n de Recursos<\/strong><\/li>\n<\/ul>\n<p style=\"padding-left: 40px; text-align: justify;\">- Vigilancia tecnol\u00f3gica para convocatorias o licitaciones que se adecuen a los intereses de los clientes<\/p>\n<p style=\"padding-left: 40px; text-align: justify;\">- Formulaci\u00f3n de proyectos (Convocatorias o Licitaciones)<\/p>\n<p style=\"padding-left: 40px; text-align: justify;\">- Asesor\u00eda y acompa\u00f1amiento en la ejecuci\u00f3n de los proyectos aprobados.<\/p>\n<ul>\n<li><strong>Valor Compartido<\/strong><\/li>\n<\/ul>\n<p style=\"text-align: justify;\">En Alvernias AsSesores, creemos en los procesos de valor compartido como una estrategia de negocio para las empresas colombianas, mediante la definici\u00f3n, fortalecimiento y crecimiento de las organizaciones sociales y empresariales que ven en el valor compartido una oportunidad estrat\u00e9gica.<\/p>\n<p style=\"text-align: justify;\">Hemos desarrollado procesos que le permiten a las organizaciones estructurar&nbsp; programas donde las soluciones sociales y ambientales son parte importante de la estructura de negocio.<\/p>\n<p>Nuestros servicios de valor compartido, se centran en:<\/p>\n<p style=\"padding-left: 40px;\">-&nbsp; El dise\u00f1o e implementaci\u00f3n de direccionamiento organizacional para fundaciones y organizaciones empresariales bajo el modelo de valor compartido.<\/p>\n<p style=\"padding-left: 40px;\">-&nbsp; Creaci\u00f3n de procesos comerciales bajo los principios del valor compartido como estrategia gerencial<\/p>\n<p style=\"padding-left: 40px;\">- Desarrollo de nuestro propio modelo de valor compartido, el cual busca unir las capacidades sociales&nbsp; y organizacionales para lograr el fortalecimiento de los dos actores.<\/p><\/div><\/div><\/div><\/div><\/div><\/div><\/div><\/div>\n<\/body>","protected":false},"excerpt":{"rendered":"<p>Ofrecemos nuestros servicios&nbsp; a trav\u00e9s de cinco (5) l\u00edneas principales:&nbsp;&nbsp;Concesi\u00f3n de la Nacionalidad Portuguesa a los descendientes de los Jud\u00edos sefard\u00edesConsulta toda la informaci\u00f3n de nuestro servicio dando clic en este enlaceEvaluaci\u00f3n de programas- Definici\u00f3n de mapas de indicadores de programas de emprendimiento y desarrollo empresarial y social.- Metodolog\u00edas e instrumentos para medir resultados e&hellip; <br \/> <a class=\"read-more\" href=\"https:\/\/alverniasassesores.com\/index.php\/productos\/\">Read more<\/a><\/p>\n","protected":false},"author":1,"featured_media":0,"parent":0,"menu_order":0,"comment_status":"closed","ping_status":"closed","template":"","meta":{"content-type":"","om_disable_all_campaigns":false,"_monsterinsights_skip_tracking":false,"_monsterinsights_sitenote_active":false,"_monsterinsights_sitenote_note":"","_monsterinsights_sitenote_category":0,"footnotes":""},"class_list":["post-89","page","type-page","status-publish","hentry"],"jetpack_sharing_enabled":true,"_links":{"self":[{"href":"https:\/\/alverniasassesores.com\/index.php\/wp-json\/wp\/v2\/pages\/89"}],"collection":[{"href":"https:\/\/alverniasassesores.com\/index.php\/wp-json\/wp\/v2\/pages"}],"about":[{"href":"https:\/\/alverniasassesores.com\/index.php\/wp-json\/wp\/v2\/types\/page"}],"author":[{"embeddable":true,"href":"https:\/\/alverniasassesores.com\/index.php\/wp-json\/wp\/v2\/users\/1"}],"replies":[{"embeddable":true,"href":"https:\/\/alverniasassesores.com\/index.php\/wp-json\/wp\/v2\/comments?post=89"}],"version-history":[{"count":15,"href":"https:\/\/alverniasassesores.com\/index.php\/wp-json\/wp\/v2\/pages\/89\/revisions"}],"predecessor-version":[{"id":390,"href":"https:\/\/alverniasassesores.com\/index.php\/wp-json\/wp\/v2\/pages\/89\/revisions\/390"}],"wp:attachment":[{"href":"https:\/\/alverniasassesores.com\/index.php\/wp-json\/wp\/v2\/media?parent=89"}],"curies":[{"name":"wp","href":"https:\/\/api.w.org\/{rel}","templated":true}]}}